{"id":2,"date":"2024-10-15T16:31:37","date_gmt":"2024-10-15T14:31:37","guid":{"rendered":"http:\/\/aureliesentes.com\/?page_id=2"},"modified":"2024-11-13T17:39:33","modified_gmt":"2024-11-13T16:39:33","slug":"mentions-legales","status":"publish","type":"page","link":"https:\/\/aureliesentes.com\/index.php\/mentions-legales\/","title":{"rendered":"Mentions l\u00e9gales"},"content":{"rendered":"<p>[et_pb_section fb_built=\u00a0\u00bb1&Prime; admin_label=\u00a0\u00bbTeacher\u00a0\u00bb _builder_version=\u00a0\u00bb4.27.2&Prime; background_color=\u00a0\u00bb#f9f6f5&Prime; background_enable_image=\u00a0\u00bboff\u00a0\u00bb background_size=\u00a0\u00bbinitial\u00a0\u00bb background_position=\u00a0\u00bbtop_center\u00a0\u00bb locked=\u00a0\u00bboff\u00a0\u00bb global_colors_info=\u00a0\u00bb{}\u00a0\u00bb][et_pb_row _builder_version=\u00a0\u00bb4.27.2&Prime; locked=\u00a0\u00bboff\u00a0\u00bb global_colors_info=\u00a0\u00bb{}\u00a0\u00bb][et_pb_column type=\u00a0\u00bb4_4&Prime; _builder_version=\u00a0\u00bb4.16&Prime; global_colors_info=\u00a0\u00bb{}\u00a0\u00bb][et_pb_text _builder_version=\u00a0\u00bb4.27.3&Prime; text_line_height=\u00a0\u00bb2em\u00a0\u00bb header_font=\u00a0\u00bbDomine||||||||\u00a0\u00bb header_font_size=\u00a0\u00bb70px\u00a0\u00bb header_2_font=\u00a0\u00bbDomine||||||||\u00a0\u00bb header_2_font_size=\u00a0\u00bb60px\u00a0\u00bb header_2_line_height=\u00a0\u00bb1.3em\u00a0\u00bb max_width=\u00a0\u00bb800px\u00a0\u00bb header_2_font_size_tablet=\u00a0\u00bb45px\u00a0\u00bb header_2_font_size_phone=\u00a0\u00bb35px\u00a0\u00bb header_2_font_size_last_edited=\u00a0\u00bbon|phone\u00a0\u00bb locked=\u00a0\u00bboff\u00a0\u00bb global_colors_info=\u00a0\u00bb{}\u00a0\u00bb]<\/p>\n<h1>Mentions l\u00e9gales<\/h1>\n<p>[\/et_pb_text][\/et_pb_column][\/et_pb_row][et_pb_row use_custom_gutter=\u00a0\u00bbon\u00a0\u00bb gutter_width=\u00a0\u00bb1&Prime; make_equal=\u00a0\u00bbon\u00a0\u00bb _builder_version=\u00a0\u00bb4.27.3&Prime; custom_padding=\u00a0\u00bb0px||0px||true|false\u00a0\u00bb global_colors_info=\u00a0\u00bb{}\u00a0\u00bb][et_pb_column type=\u00a0\u00bb4_4&Prime; _builder_version=\u00a0\u00bb4.16&Prime; global_colors_info=\u00a0\u00bb{}\u00a0\u00bb][et_pb_blurb icon_alignment=\u00a0\u00bbleft\u00a0\u00bb content_max_width=\u00a0\u00bb100%\u00a0\u00bb _builder_version=\u00a0\u00bb4.27.3&Prime; header_level=\u00a0\u00bbh2&Prime; header_font=\u00a0\u00bbDomine||||||||\u00a0\u00bb header_font_size=\u00a0\u00bb24px\u00a0\u00bb header_line_height=\u00a0\u00bb1.4em\u00a0\u00bb body_font_size=\u00a0\u00bb16px\u00a0\u00bb body_line_height=\u00a0\u00bb2em\u00a0\u00bb max_height_tablet=\u00a0\u00bb400px\u00a0\u00bb max_height_phone=\u00a0\u00bb\u00a0\u00bb max_height_last_edited=\u00a0\u00bbon|phone\u00a0\u00bb locked=\u00a0\u00bboff\u00a0\u00bb global_colors_info=\u00a0\u00bb{}\u00a0\u00bb]<\/p>\n<p>Conform\u00e9ment aux dispositions de la loi n\u00b0 2004-575 du 21 juin 2004 pour la confiance en l\u2019\u00e9conomie num\u00e9rique, il est pr\u00e9cis\u00e9 aux utilisateurs du site Aur\u00e9lie SENTES l\u2019identit\u00e9 des diff\u00e9rents intervenants dans le cadre de sa r\u00e9alisation et de son suivi.<\/p>\n<h2>\u00c9dition du site<\/h2>\n<p>Le pr\u00e9sent site, accessible \u00e0 l\u2019URL https:\/\/aureliesentes.com, est \u00e9dit\u00e9 par :<br \/>Sentes, r\u00e9sidant Chez M. Abarkan &#8211; 186 rue des Justes Parmi les Nations &#8211; 34000 Montpellier, de nationalit\u00e9 Fran\u00e7aise (France).<\/p>\n<h2>H\u00e9bergement<\/h2>\n<p>Le Site est h\u00e9berg\u00e9 par la soci\u00e9t\u00e9 OVH SAS, situ\u00e9 2 rue Kellermann &#8211; BP 80157 &#8211; 59053 Roubaix Cedex 1.<\/p>\n<h2>Directeur de publication<\/h2>\n<p>Le Directeur de la publication du Site est Aur\u00e9lie Sentes.<\/p>\n<h2>Personne en charge du site<\/h2>\n<p>Ang\u00e9lique JAILLON &#8211; <a href=\"\u00bbhttps:\/\/www.toocute.fr\/\u00bb\">www.toocute.fr<\/a><\/p>\n<h2>Nous contacter<\/h2>\n<p>Par t\u00e9l\u00e9phone : +33673536611<br \/>Par email\u00a0: aureliesentes@gmail.com<br \/>Par courrier : Chez M.Abarkan &#8211; 186 rue des Justes Parmi les Nations &#8211; 34000 Montpellier<\/p>\n<h2>Donn\u00e9es personnelles<\/h2>\n<p>Le traitement de vos donn\u00e9es \u00e0 caract\u00e8re personnel est r\u00e9gi par notre Charte du respect de la vie priv\u00e9e, conform\u00e9ment au R\u00e8glement G\u00e9n\u00e9ral sur la Protection des Donn\u00e9es 2016\/679 du 27 avril 2016 (\u00abRGPD\u00bb).<\/p>\n<p>[\/et_pb_blurb][\/et_pb_column][\/et_pb_row][\/et_pb_section]<\/p>\n","protected":false},"excerpt":{"rendered":"<p>Mentions l\u00e9galesConform\u00e9ment aux dispositions de la loi n\u00b0 2004-575 du 21 juin 2004 pour la confiance en l\u2019\u00e9conomie num\u00e9rique, il est pr\u00e9cis\u00e9 aux utilisateurs du site Aur\u00e9lie SENTES l\u2019identit\u00e9 des diff\u00e9rents intervenants dans le cadre de sa r\u00e9alisation et de son suivi. \u00c9dition du site Le pr\u00e9sent site, accessible \u00e0 l\u2019URL https:\/\/aureliesentes.com, est \u00e9dit\u00e9 par [&hellip;]<\/p>\n","protected":false},"author":1,"featured_media":0,"parent":0,"menu_order":0,"comment_status":"closed","ping_status":"open","template":"","meta":{"_et_pb_use_builder":"on","_et_pb_old_content":"<!-- wp:paragraph -->\n<p>Ceci est une page d\u2019exemple. C\u2019est diff\u00e9rent d\u2019un article de blog parce qu\u2019elle restera au m\u00eame endroit et appara\u00eetra dans la navigation de votre site (dans la plupart des th\u00e8mes). La plupart des gens commencent par une page \u00ab\u00a0\u00c0 propos\u00a0\u00bb qui les pr\u00e9sente aux personnes visitant le site. Cela pourrait ressembler \u00e0 quelque chose comme cela\u00a0:<\/p>\n<!-- \/wp:paragraph -->\n\n<!-- wp:quote -->\n<blockquote class=\"wp-block-quote\"><p>Bonjour\u00a0! Je suis un m\u00e9canicien qui aspire \u00e0 devenir acteur, et voici mon site. J\u2019habite \u00e0 Bordeaux, j\u2019ai un super chien baptis\u00e9 Russell, et j\u2019aime la vodka (ainsi qu\u2019\u00eatre surpris par la pluie soudaine lors de longues balades sur la plage au coucher du soleil).<\/p><\/blockquote>\n<!-- \/wp:quote -->\n\n<!-- wp:paragraph -->\n<p>\u2026ou quelque chose comme cela\u00a0:<\/p>\n<!-- \/wp:paragraph -->\n\n<!-- wp:quote -->\n<blockquote class=\"wp-block-quote\"><p>La soci\u00e9t\u00e9 123 Machin Truc a \u00e9t\u00e9 cr\u00e9\u00e9e en 1971, et n\u2019a cess\u00e9 de proposer au public des machins-trucs de qualit\u00e9 depuis lors. Situ\u00e9e \u00e0 Saint-Remy-en-Bouzemont-Saint-Genest-et-Isson, 123 Machin Truc emploie 2 000 personnes, et fabrique toutes sortes de bidules supers pour la communaut\u00e9 bouzemontoise.<\/p><\/blockquote>\n<!-- \/wp:quote -->\n\n<!-- wp:paragraph -->\n<p>En tant que nouvel utilisateur ou utilisatrice de WordPress, vous devriez vous rendre sur <a href=\"http:\/\/aureliesentes.com\/wp-admin\/\">votre tableau de bord<\/a> pour supprimer cette page et cr\u00e9er de nouvelles pages pour votre contenu. Amusez-vous bien\u00a0!<\/p>\n<!-- \/wp:paragraph -->","_et_gb_content_width":"","footnotes":""},"class_list":["post-2","page","type-page","status-publish","hentry"],"yoast_head":"<!-- This site is optimized with the Yoast SEO plugin v27.3 - https:\/\/yoast.com\/product\/yoast-seo-wordpress\/ -->\n<title>Mentions l\u00e9gales - Aur\u00e9lie Sent\u00e8s \u2013 Professeure de yoga pour tous les corps \u00e0 Montpellier<\/title>\n<meta name=\"robots\" content=\"index, follow, max-snippet:-1, max-image-preview:large, max-video-preview:-1\" \/>\n<link rel=\"canonical\" href=\"https:\/\/aureliesentes.com\/index.php\/mentions-legales\/\" \/>\n<meta property=\"og:locale\" content=\"fr_FR\" \/>\n<meta property=\"og:type\" content=\"article\" \/>\n<meta property=\"og:title\" content=\"Mentions l\u00e9gales - Aur\u00e9lie Sent\u00e8s \u2013 Professeure de yoga pour tous les corps \u00e0 Montpellier\" \/>\n<meta property=\"og:description\" content=\"Mentions l\u00e9galesConform\u00e9ment aux dispositions de la loi n\u00b0 2004-575 du 21 juin 2004 pour la confiance en l\u2019\u00e9conomie num\u00e9rique, il est pr\u00e9cis\u00e9 aux utilisateurs du site Aur\u00e9lie SENTES l\u2019identit\u00e9 des diff\u00e9rents intervenants dans le cadre de sa r\u00e9alisation et de son suivi. \u00c9dition du site Le pr\u00e9sent site, accessible \u00e0 l\u2019URL https:\/\/aureliesentes.com, est \u00e9dit\u00e9 par [&hellip;]\" \/>\n<meta property=\"og:url\" content=\"https:\/\/aureliesentes.com\/index.php\/mentions-legales\/\" \/>\n<meta property=\"og:site_name\" content=\"Aur\u00e9lie Sent\u00e8s \u2013 Professeure de yoga pour tous les corps \u00e0 Montpellier\" \/>\n<meta property=\"article:publisher\" content=\"https:\/\/www.facebook.com\/aurelie.sentes.3\" \/>\n<meta property=\"article:modified_time\" content=\"2024-11-13T16:39:33+00:00\" \/>\n<meta property=\"og:image\" content=\"https:\/\/aureliesentes.com\/wp-content\/uploads\/2024\/11\/aurelie-sentes-professeure-de-yoga-montpellier-bras-ciel-scaled.jpg\" \/>\n\t<meta property=\"og:image:width\" content=\"1707\" \/>\n\t<meta property=\"og:image:height\" content=\"2560\" \/>\n\t<meta property=\"og:image:type\" content=\"image\/jpeg\" \/>\n<meta name=\"twitter:card\" content=\"summary_large_image\" \/>\n<meta name=\"twitter:label1\" content=\"Dur\u00e9e de lecture estim\u00e9e\" \/>\n\t<meta name=\"twitter:data1\" content=\"2 minutes\" \/>\n<script type=\"application\/ld+json\" class=\"yoast-schema-graph\">{\"@context\":\"https:\\\/\\\/schema.org\",\"@graph\":[{\"@type\":\"WebPage\",\"@id\":\"https:\\\/\\\/aureliesentes.com\\\/index.php\\\/mentions-legales\\\/\",\"url\":\"https:\\\/\\\/aureliesentes.com\\\/index.php\\\/mentions-legales\\\/\",\"name\":\"Mentions l\u00e9gales - Aur\u00e9lie Sent\u00e8s \u2013 Professeure de yoga pour tous les corps \u00e0 Montpellier\",\"isPartOf\":{\"@id\":\"https:\\\/\\\/aureliesentes.com\\\/#website\"},\"datePublished\":\"2024-10-15T14:31:37+00:00\",\"dateModified\":\"2024-11-13T16:39:33+00:00\",\"breadcrumb\":{\"@id\":\"https:\\\/\\\/aureliesentes.com\\\/index.php\\\/mentions-legales\\\/#breadcrumb\"},\"inLanguage\":\"fr-FR\",\"potentialAction\":[{\"@type\":\"ReadAction\",\"target\":[\"https:\\\/\\\/aureliesentes.com\\\/index.php\\\/mentions-legales\\\/\"]}]},{\"@type\":\"BreadcrumbList\",\"@id\":\"https:\\\/\\\/aureliesentes.com\\\/index.php\\\/mentions-legales\\\/#breadcrumb\",\"itemListElement\":[{\"@type\":\"ListItem\",\"position\":1,\"name\":\"Accueil\",\"item\":\"https:\\\/\\\/aureliesentes.com\\\/\"},{\"@type\":\"ListItem\",\"position\":2,\"name\":\"Mentions l\u00e9gales\"}]},{\"@type\":\"WebSite\",\"@id\":\"https:\\\/\\\/aureliesentes.com\\\/#website\",\"url\":\"https:\\\/\\\/aureliesentes.com\\\/\",\"name\":\"Aur\u00e9lie Sentes - Professeure de YOGA pour tous les corps \u00e0 Montpellier\",\"description\":\"Vinyasa, Hatha, Yin, Yoga Nidra\",\"publisher\":{\"@id\":\"https:\\\/\\\/aureliesentes.com\\\/#organization\"},\"alternateName\":\"Vinyasa, Hatha, Yin, Yoga Nidra\",\"potentialAction\":[{\"@type\":\"SearchAction\",\"target\":{\"@type\":\"EntryPoint\",\"urlTemplate\":\"https:\\\/\\\/aureliesentes.com\\\/?s={search_term_string}\"},\"query-input\":{\"@type\":\"PropertyValueSpecification\",\"valueRequired\":true,\"valueName\":\"search_term_string\"}}],\"inLanguage\":\"fr-FR\"},{\"@type\":\"Organization\",\"@id\":\"https:\\\/\\\/aureliesentes.com\\\/#organization\",\"name\":\"Aur\u00e9lie Sentes - Professeure de YOGA\",\"url\":\"https:\\\/\\\/aureliesentes.com\\\/\",\"logo\":{\"@type\":\"ImageObject\",\"inLanguage\":\"fr-FR\",\"@id\":\"https:\\\/\\\/aureliesentes.com\\\/#\\\/schema\\\/logo\\\/image\\\/\",\"url\":\"https:\\\/\\\/aureliesentes.com\\\/wp-content\\\/uploads\\\/2024\\\/10\\\/logo-aurelie-sentes.png\",\"contentUrl\":\"https:\\\/\\\/aureliesentes.com\\\/wp-content\\\/uploads\\\/2024\\\/10\\\/logo-aurelie-sentes.png\",\"width\":300,\"height\":48,\"caption\":\"Aur\u00e9lie Sentes - Professeure de YOGA\"},\"image\":{\"@id\":\"https:\\\/\\\/aureliesentes.com\\\/#\\\/schema\\\/logo\\\/image\\\/\"},\"sameAs\":[\"https:\\\/\\\/www.facebook.com\\\/aurelie.sentes.3\",\"https:\\\/\\\/www.instagram.com\\\/aureliesentes\\\/\"]}]}<\/script>\n<!-- \/ Yoast SEO plugin. -->","yoast_head_json":{"title":"Mentions l\u00e9gales - Aur\u00e9lie Sent\u00e8s \u2013 Professeure de yoga pour tous les corps \u00e0 Montpellier","robots":{"index":"index","follow":"follow","max-snippet":"max-snippet:-1","max-image-preview":"max-image-preview:large","max-video-preview":"max-video-preview:-1"},"canonical":"https:\/\/aureliesentes.com\/index.php\/mentions-legales\/","og_locale":"fr_FR","og_type":"article","og_title":"Mentions l\u00e9gales - Aur\u00e9lie Sent\u00e8s \u2013 Professeure de yoga pour tous les corps \u00e0 Montpellier","og_description":"Mentions l\u00e9galesConform\u00e9ment aux dispositions de la loi n\u00b0 2004-575 du 21 juin 2004 pour la confiance en l\u2019\u00e9conomie num\u00e9rique, il est pr\u00e9cis\u00e9 aux utilisateurs du site Aur\u00e9lie SENTES l\u2019identit\u00e9 des diff\u00e9rents intervenants dans le cadre de sa r\u00e9alisation et de son suivi. \u00c9dition du site Le pr\u00e9sent site, accessible \u00e0 l\u2019URL https:\/\/aureliesentes.com, est \u00e9dit\u00e9 par [&hellip;]","og_url":"https:\/\/aureliesentes.com\/index.php\/mentions-legales\/","og_site_name":"Aur\u00e9lie Sent\u00e8s \u2013 Professeure de yoga pour tous les corps \u00e0 Montpellier","article_publisher":"https:\/\/www.facebook.com\/aurelie.sentes.3","article_modified_time":"2024-11-13T16:39:33+00:00","og_image":[{"width":1707,"height":2560,"url":"https:\/\/aureliesentes.com\/wp-content\/uploads\/2024\/11\/aurelie-sentes-professeure-de-yoga-montpellier-bras-ciel-scaled.jpg","type":"image\/jpeg"}],"twitter_card":"summary_large_image","twitter_misc":{"Dur\u00e9e de lecture estim\u00e9e":"2 minutes"},"schema":{"@context":"https:\/\/schema.org","@graph":[{"@type":"WebPage","@id":"https:\/\/aureliesentes.com\/index.php\/mentions-legales\/","url":"https:\/\/aureliesentes.com\/index.php\/mentions-legales\/","name":"Mentions l\u00e9gales - Aur\u00e9lie Sent\u00e8s \u2013 Professeure de yoga pour tous les corps \u00e0 Montpellier","isPartOf":{"@id":"https:\/\/aureliesentes.com\/#website"},"datePublished":"2024-10-15T14:31:37+00:00","dateModified":"2024-11-13T16:39:33+00:00","breadcrumb":{"@id":"https:\/\/aureliesentes.com\/index.php\/mentions-legales\/#breadcrumb"},"inLanguage":"fr-FR","potentialAction":[{"@type":"ReadAction","target":["https:\/\/aureliesentes.com\/index.php\/mentions-legales\/"]}]},{"@type":"BreadcrumbList","@id":"https:\/\/aureliesentes.com\/index.php\/mentions-legales\/#breadcrumb","itemListElement":[{"@type":"ListItem","position":1,"name":"Accueil","item":"https:\/\/aureliesentes.com\/"},{"@type":"ListItem","position":2,"name":"Mentions l\u00e9gales"}]},{"@type":"WebSite","@id":"https:\/\/aureliesentes.com\/#website","url":"https:\/\/aureliesentes.com\/","name":"Aur\u00e9lie Sentes - Professeure de YOGA pour tous les corps \u00e0 Montpellier","description":"Vinyasa, Hatha, Yin, Yoga Nidra","publisher":{"@id":"https:\/\/aureliesentes.com\/#organization"},"alternateName":"Vinyasa, Hatha, Yin, Yoga Nidra","potentialAction":[{"@type":"SearchAction","target":{"@type":"EntryPoint","urlTemplate":"https:\/\/aureliesentes.com\/?s={search_term_string}"},"query-input":{"@type":"PropertyValueSpecification","valueRequired":true,"valueName":"search_term_string"}}],"inLanguage":"fr-FR"},{"@type":"Organization","@id":"https:\/\/aureliesentes.com\/#organization","name":"Aur\u00e9lie Sentes - Professeure de YOGA","url":"https:\/\/aureliesentes.com\/","logo":{"@type":"ImageObject","inLanguage":"fr-FR","@id":"https:\/\/aureliesentes.com\/#\/schema\/logo\/image\/","url":"https:\/\/aureliesentes.com\/wp-content\/uploads\/2024\/10\/logo-aurelie-sentes.png","contentUrl":"https:\/\/aureliesentes.com\/wp-content\/uploads\/2024\/10\/logo-aurelie-sentes.png","width":300,"height":48,"caption":"Aur\u00e9lie Sentes - Professeure de YOGA"},"image":{"@id":"https:\/\/aureliesentes.com\/#\/schema\/logo\/image\/"},"sameAs":["https:\/\/www.facebook.com\/aurelie.sentes.3","https:\/\/www.instagram.com\/aureliesentes\/"]}]}},"_links":{"self":[{"href":"https:\/\/aureliesentes.com\/index.php\/wp-json\/wp\/v2\/pages\/2","targetHints":{"allow":["GET"]}}],"collection":[{"href":"https:\/\/aureliesentes.com\/index.php\/wp-json\/wp\/v2\/pages"}],"about":[{"href":"https:\/\/aureliesentes.com\/index.php\/wp-json\/wp\/v2\/types\/page"}],"author":[{"embeddable":true,"href":"https:\/\/aureliesentes.com\/index.php\/wp-json\/wp\/v2\/users\/1"}],"replies":[{"embeddable":true,"href":"https:\/\/aureliesentes.com\/index.php\/wp-json\/wp\/v2\/comments?post=2"}],"version-history":[{"count":11,"href":"https:\/\/aureliesentes.com\/index.php\/wp-json\/wp\/v2\/pages\/2\/revisions"}],"predecessor-version":[{"id":617,"href":"https:\/\/aureliesentes.com\/index.php\/wp-json\/wp\/v2\/pages\/2\/revisions\/617"}],"wp:attachment":[{"href":"https:\/\/aureliesentes.com\/index.php\/wp-json\/wp\/v2\/media?parent=2"}],"curies":[{"name":"wp","href":"https:\/\/api.w.org\/{rel}","templated":true}]}}